{"id":6782,"date":"2022-10-08T09:40:02","date_gmt":"2022-10-08T09:40:02","guid":{"rendered":"https:\/\/vinturcst.com\/?page_id=6782"},"modified":"2024-02-22T08:22:17","modified_gmt":"2024-02-22T08:22:17","slug":"business-visa","status":"publish","type":"page","link":"https:\/\/vinturcst.com\/index.php\/vi\/business-visa\/","title":{"rendered":"Visa doanh nghi\u1ec7p"},"content":{"rendered":"<p>[vc_row][vc_column][vc_column_text]<span style=\"color: #000000;\"><strong>TH\u1ee6 T\u1ee4C XIN VISA DOANH NGHI\u1ec6P CHO NG\u01af\u1edcI N\u01af\u1edaC NGO\u00c0I<\/strong><\/span><\/p>\n<p><span style=\"color: #000000;\">\u00a0\u00a0\u00a0\u00a0\u00a0\u00a0\u00a0 N\u1ec1n kinh t\u1ebf Vi\u1ec7t Nam ph\u00e1t tri\u1ec3n v\u01b0\u1ee3t b\u1eadc trong nh\u1eefng n\u0103m g\u1ea7n \u0111\u00e2y, c\u00f9ng v\u1edbi \u0111\u00f3 ng\u01b0\u1eddi n\u01b0\u1edbc ngo\u00e0i \u0111\u1ebfn Vi\u1ec7t Nam v\u1edbi m\u1ee5c \u0111\u00edch h\u1ee3p t\u00e1c kinh doanh, ch\u00e0o b\u00e1n d\u1ecbch v\u1ee5, x\u00e1c l\u1eadp hi\u1ec7n di\u1ec7n th\u01b0\u01a1ng m\u1ea1i ng\u00e0y c\u00e0ng nhi\u1ec1u. \u0110\u1ec3 th\u1ef1c hi\u1ec7n c\u00e1c ho\u1ea1t \u0111\u1ed9ng n\u00e0y, ng\u01b0\u1eddi n\u01b0\u1edbc ngo\u00e0i ph\u1ea3i xin visa doanh nghi\u1ec7p Vi\u1ec7t Nam, k\u00fd hi\u1ec7u DN1, DN2. Visa doanh nghi\u1ec7p hay c\u00f2n g\u1ecdi l\u00e0 visa business \u0111\u01b0\u1ee3c c\u1ea5p cho ng\u01b0\u1eddi n\u01b0\u1edbc ngo\u00e0i nh\u1eadp c\u1ea3nh v\u00e0 l\u01b0u tr\u00fa t\u1ea1i Vi\u1ec7t Nam v\u1edbi m\u1ee5c \u0111\u00edch l\u00e0m vi\u1ec7c v\u1edbi c\u00e1c doanh nghi\u1ec7p t\u1ea1i Vi\u1ec7t Nam ho\u1eb7c ti\u1ebfn h\u00e0nh c\u00e1c ho\u1ea1t \u0111\u1ed9ng kinh doanh nh\u01b0 ch\u00e0o b\u00e1n d\u1ecbch v\u1ee5, th\u00e0nh l\u1eadp hi\u1ec7n di\u1ec7n th\u01b0\u01a1ng m\u1ea1i, h\u1ed9i h\u1ecdp, k\u00fd k\u1ebft h\u1ee3p \u0111\u1ed3ng kinh doanh. V\u1eady tr\u00ecnh t\u1ef1 th\u1ee7 t\u1ee5c xin visa doanh nghi\u1ec7p \u0111\u01b0\u1ee3c th\u1ef1c hi\u1ec7n nh\u01b0 th\u1ebf n\u00e0o? C\u00f4ng ty TNHH VinTur CST xin g\u1eedi t\u1edbi qu\u00fd kh\u00e1ch h\u00e0ng v\u1ec1 th\u1ee7 t\u1ee5c xin visa Doanh nghi\u1ec7p cho ng\u01b0\u1eddi n\u01b0\u1edbc ngo\u00e0i. C\u1ee5 th\u1ec3 nh\u01b0 sau:<\/span><\/p>\n<ol>\n<li><span style=\"color: #000000;\"><strong>C\u00e1c lo\u1ea1i visa cho ng\u01b0\u1eddi n\u01b0\u1edbc ngo\u00e0i<\/strong><\/span><\/li>\n<\/ol>\n<p><span style=\"color: #000000;\">C\u00f3 nhi\u1ec1u c\u00e1ch ph\u00e2n lo\u1ea1i visa nh\u01b0ng n\u1ebfu ph\u00e2n theo m\u1ee5c \u0111\u00edch nh\u1eadp c\u1ea3nh th\u00ec bao g\u1ed3m c\u00e1c lo\u1ea1i sau:<\/span><\/p>\n<p><span style=\"color: #000000;\">Visa du l\u1ecbch (DL);<\/span><\/p>\n<p><span style=\"color: #000000;\">Visa du h\u1ecdc (DH);<\/span><\/p>\n<p><span style=\"color: #000000;\">Visa \u0111i\u1ec7n t\u1eed (EV);<\/span><\/p>\n<p><span style=\"color: #000000;\">Visa th\u0103m th\u00e2n (VR, TT);<\/span><\/p>\n<p><span style=\"color: #000000;\">Visa ngo\u1ea1i giao (NG1, NG2, NG3);<\/span><\/p>\n<p><span style=\"color: #000000;\">Visa \u0111\u1ea7u t\u01b0 (\u0110T1, \u0110T2, \u0110T3, \u0110T4);<\/span><\/p>\n<p><span style=\"color: #000000;\">Visa lao \u0111\u1ed9ng, c\u00f4ng t\u00e1c (L\u01101, L\u01102, DN&#8230;)<\/span><\/p>\n<p><span style=\"color: #000000;\">\u2026<\/span><\/p>\n<p><span style=\"color: #000000;\">C\u0103n c\u1ee9 Lu\u1eadt Nh\u1eadp c\u1ea3nh, xu\u1ea5t c\u1ea3nh, qu\u00e1 c\u1ea3nh, c\u01b0 tr\u00fa c\u1ee7a ng\u01b0\u1eddi n\u01b0\u1edbc ngo\u00e0i t\u1ea1i Vi\u1ec7t Nam s\u1eeda \u0111\u1ed5i 2019, \u0110\u1ed1i v\u1edbi visa doanh nghi\u1ec7p cho ng\u01b0\u1eddi n\u01b0\u1edbc ngo\u00e0i g\u1ed3m 2 lo\u1ea1i sau:<\/span><\/p>\n<ul>\n<li><span style=\"color: #000000;\">Visa doanh nghi\u1ec7p 1 (DN1) \u2013 C\u1ea5p cho ng\u01b0\u1eddi n\u01b0\u1edbc ngo\u00e0i l\u00e0m vi\u1ec7c v\u1edbi doanh nghi\u1ec7p, t\u1ed5 ch\u1ee9c kh\u00e1c c\u00f3 t\u01b0 c\u00e1ch ph\u00e1p nh\u00e2n theo quy \u0111\u1ecbnh c\u1ee7a ph\u00e1p lu\u1eadt Vi\u1ec7t Nam.<\/span><\/li>\n<li><span style=\"color: #000000;\">Visa doanh nghi\u1ec7p 2 (DN2) \u2013 C\u1ea5p cho ng\u01b0\u1eddi n\u01b0\u1edbc ngo\u00e0i v\u00e0o ch\u00e0o b\u00e1n d\u1ecbch v\u1ee5, th\u00e0nh l\u1eadp hi\u1ec7n di\u1ec7n th\u01b0\u01a1ng m\u1ea1i, th\u1ef1c hi\u1ec7n c\u00e1c ho\u1ea1t \u0111\u1ed9ng kh\u00e1c theo \u0111i\u1ec1u \u01b0\u1edbc qu\u1ed1c t\u1ebf m\u00e0 Vi\u1ec7t Nam l\u00e0 th\u00e0nh vi\u00ean.<\/span><\/li>\n<\/ul>\n<ol start=\"2\">\n<li><span style=\"color: #000000;\"><strong>\u0110i\u1ec1u ki\u1ec7n \u0111\u1ec3 xin visa doanh nghi\u1ec7p cho ng\u01b0\u1eddi n\u01b0\u1edbc ngo\u00e0i<\/strong><\/span><\/li>\n<\/ol>\n<p><span style=\"color: #000000;\"><strong>\u00a0\u00a0\u00a0\u00a0\u00a0\u00a0\u00a0 <\/strong>\u0110i\u1ec1u ki\u1ec7n \u0111\u1ed1i v\u1edbi doanh nghi\u1ec7p:<\/span><\/p>\n<ul>\n<li><span style=\"color: #000000;\">C\u00f3 t\u00e0i kho\u1ea3n \u0111i\u1ec7n t\u1eed d\u1ecbch v\u1ee5 c\u00f4ng do b\u1ed9 c\u00f4ng an c\u1ea5p;<\/span><\/li>\n<li><span style=\"color: #000000;\">Doanh nghi\u1ec7p \u0111\u01b0\u1ee3c th\u00e0nh l\u1eadp v\u00e0 ho\u1ea1t \u0111\u1ed9ng tu\u00e2n th\u1ee7 theo ph\u00e1p lu\u1eadt Vi\u1ec7t Nam.<\/span><\/li>\n<\/ul>\n<p><span style=\"color: #000000;\">\u00a0\u00a0\u00a0\u00a0\u00a0\u00a0\u00a0 \u0110i\u1ec1u ki\u1ec7n \u0111\u1ed1i v\u1edbi ng\u01b0\u1eddi n\u01b0\u1edbc ngo\u00e0i ph\u1ea3i \u0111\u1ea3m b\u1ea3o \u0111\u1ea7y \u0111\u1ee7 t\u1ea5t c\u1ea3 c\u00e1c y\u00eau c\u1ea7u sau:<\/span><\/p>\n<ul>\n<li><span style=\"color: #000000;\">C\u00f3 h\u1ed9 chi\u1ebfu c\u00f2n h\u1ea1n \u00edt nh\u1ea5t 6 th\u00e1ng v\u00e0 c\u00f2n \u00edt nh\u1ea5t 2 trang tr\u1ed1ng;<\/span><\/li>\n<li><span style=\"color: #000000;\">Ng\u01b0\u1eddi n\u01b0\u1edbc ngo\u00e0i l\u00e0 \u0111\u1ed1i t\u00e1c v\u1edbi c\u00e1c c\u00f4ng vi\u1ec7c t\u1ea1i Vi\u1ec7t Nam (c\u00e1 nh\u00e2n ho\u1eb7c \u0111\u01a1n v\u1ecb c\u00f3 t\u01b0 c\u00e1ch ph\u00e1p nh\u00e2n Vi\u1ec7t Nam ho\u1eb7c n\u01b0\u1edbc ngo\u00e0i);<\/span><\/li>\n<li><span style=\"color: #000000;\">Ng\u01b0\u1eddi n\u01b0\u1edbc ngo\u00e0i kh\u00f4ng thu\u1ed9c tr\u01b0\u1eddng h\u1ee3p b\u1ecb c\u1ea5m nh\u1eadp c\u1ea3nh;<\/span><\/li>\n<li><span style=\"color: #000000;\">C\u00f3 c\u01a1 quan \u1edf Vi\u1ec7t Nam b\u1ea3o l\u00e3nh cho ng\u01b0\u1eddi n\u01b0\u1edbc ngo\u00e0i nh\u1eadp c\u1ea3nh.<\/span><\/li>\n<\/ul>\n<ol start=\"3\">\n<li><span style=\"color: #000000;\"><strong>Tr\u00ecnh t\u1ef1, th\u1ee7 t\u1ee5c m\u1eddi, b\u1ea3o l\u00e3nh ng\u01b0\u1eddi n\u01b0\u1edbc ngo\u00e0i nh\u1eadp c\u1ea3nh t\u1ea1i c\u01a1 quan qu\u1ea3n l\u00fd xu\u1ea5t nh\u1eadp c\u1ea3nh<\/strong><\/span><\/li>\n<\/ol>\n<p><span style=\"color: #000000;\"><strong>B\u01b0\u1edbc 1: Chu\u1ea9n b\u1ecb h\u1ed3 s\u01a1 g\u1ed3m: <\/strong><\/span><\/p>\n<ul>\n<li><span style=\"color: #000000;\">V\u0103n b\u1ea3n \u0111\u1ec1 ngh\u1ecb c\u1ea5p th\u1ecb th\u1ef1c theo m\u1eabu;<\/span><\/li>\n<li><span style=\"color: #000000;\">V\u0103n b\u1ea3n gi\u1edbi thi\u1ec7u con d\u1ea5u, ch\u1eef k\u00fd c\u1ee7a ng\u01b0\u1eddi c\u00f3 th\u1ea9m quy\u1ec1n c\u1ee7a t\u1ed5 ch\u1ee9c theo m\u1eabu;<\/span><\/li>\n<li><span style=\"color: #000000;\">B\u1ea3n gi\u1ea3i tr\u00ecnh v\u00e0 cam k\u1ebft;<\/span><\/li>\n<li><span style=\"color: #000000;\">Gi\u1ea5y gi\u1edbi thi\u1ec7u;<\/span><\/li>\n<li><span style=\"color: #000000;\">H\u1ed3 s\u01a1 ph\u00e1p l\u00fd c\u00f4ng ty: Gi\u1ea5y ph\u00e9p \u0111\u0103ng k\u00fd doanh nghi\u1ec7p; C\u00e1c quy\u1ebft \u0111\u1ecbnh ho\u1ea1t \u0111\u1ed9ng tu\u1ef3 v\u00e0o ng\u00e0nh ngh\u1ec1 kinh doanh c\u1ee7a C\u00f4ng ty;<\/span><\/li>\n<li><span style=\"color: #000000;\">H\u1ed9 chi\u1ebfu v\u00e0 b\u1eb1ng c\u1ea5p c\u1ee7a Kh\u00e1ch tu\u1ef3 v\u00e0o v\u1ecb tr\u00ed l\u00e0m vi\u1ec7c.<\/span><\/li>\n<\/ul>\n<p><span style=\"color: #000000;\"><strong>B\u01b0\u1edbc 2: <\/strong>N\u1ed9p h\u1ed3 s\u01a1 online t\u1ea1i c\u1ed5ng D\u1ecbch v\u1ee5 c\u00f4ng b\u1ed9 c\u00f4ng an.<\/span><\/p>\n<p><span style=\"color: #000000;\"><strong>B\u01b0\u1edbc 3<\/strong>: Th\u1eddi gian gi\u1ea3i quy\u1ebft: 5 ng\u00e0y l\u00e0m vi\u1ec7c k\u1ec3 t\u1eeb ng\u00e0y nh\u1eadn h\u1ed3 s\u01a1 h\u1ee3p l\u1ec7.<\/span><\/p>\n<p><span style=\"color: #000000;\">Tr\u00ean \u0111\u00e2y l\u00e0 quy \u0111\u1ecbnh v\u1ec1 tr\u00ecnh t\u1ef1, th\u1ee7 t\u1ee5c m\u1eddi, b\u1ea3o l\u00e3nh ng\u01b0\u1eddi n\u01b0\u1edbc ngo\u00e0i nh\u1eadp c\u1ea3nh t\u1ea1i c\u01a1 quan qu\u1ea3n l\u00fd xu\u1ea5t nh\u1eadp c\u1ea3nh.<\/span><\/p>\n<p><span style=\"color: #000000;\">C\u00f4ng ty TNHH VinTur CST lu\u00f4n h\u1ed7 tr\u1ee3 kh\u00e1ch h\u00e0ng t\u1ed1i \u0111a, ph\u1ee5c v\u1ee5 c\u00e1c y\u00eau c\u1ea7u Qu\u00fd kh\u00e1ch h\u00e0ng m\u1ed9t c\u00e1ch nhanh ch\u00f3ng v\u00e0 k\u1ecbp th\u1eddi, \u0111em l\u1ea1i s\u1ef1 h\u00e0i l\u00f2ng c\u0169ng nh\u01b0 ni\u1ec1m tin c\u1ee7a Qu\u00fd Kh\u00e1ch h\u00e0ng v\u1edbi C\u00f4ng ty. N\u1ebfu Qu\u00fd Kh\u00e1ch h\u00e0ng c\u00f3 nhu c\u1ea7u mu\u1ed1n bi\u1ebft th\u00eam th\u00f4ng tin chi ti\u1ebft, vui l\u00f2ng li\u00ean h\u1ec7 Hotline 0243.992.3553 \u2013 email: info@vinturcst.com<\/span><\/p>\n<p>&nbsp;[\/vc_column_text][\/vc_column][\/vc_row]<\/p>\n","protected":false},"excerpt":{"rendered":"<p>[vc_row][vc_column][vc_column_text]TH\u1ee6 T\u1ee4C XIN VISA DOANH NGHI\u1ec6P CHO NG\u01af\u1edcI N\u01af\u1edaC NGO\u00c0I \u00a0\u00a0\u00a0\u00a0\u00a0\u00a0\u00a0 N\u1ec1n kinh t\u1ebf Vi\u1ec7t Nam ph\u00e1t tri\u1ec3n v\u01b0\u1ee3t b\u1eadc trong nh\u1eefng n\u0103m g\u1ea7n \u0111\u00e2y, c\u00f9ng v\u1edbi \u0111\u00f3 ng\u01b0\u1eddi n\u01b0\u1edbc ngo\u00e0i \u0111\u1ebfn Vi\u1ec7t Nam v\u1edbi m\u1ee5c \u0111\u00edch h\u1ee3p t\u00e1c kinh doanh, ch\u00e0o b\u00e1n d\u1ecbch v\u1ee5, x\u00e1c l\u1eadp hi\u1ec7n di\u1ec7n th\u01b0\u01a1ng m\u1ea1i ng\u00e0y c\u00e0ng nhi\u1ec1u. \u0110\u1ec3 [&hellip;]<\/p>\n","protected":false},"author":1,"featured_media":0,"parent":0,"menu_order":0,"comment_status":"closed","ping_status":"closed","template":"","meta":{"om_disable_all_campaigns":false,"_monsterinsights_skip_tracking":false,"_monsterinsights_sitenote_active":false,"_monsterinsights_sitenote_note":"","_monsterinsights_sitenote_category":0,"footnotes":""},"class_list":["post-6782","page","type-page","status-publish","hentry"],"aioseo_notices":[],"_links":{"self":[{"href":"https:\/\/vinturcst.com\/index.php\/wp-json\/wp\/v2\/pages\/6782","targetHints":{"allow":["GET"]}}],"collection":[{"href":"https:\/\/vinturcst.com\/index.php\/wp-json\/wp\/v2\/pages"}],"about":[{"href":"https:\/\/vinturcst.com\/index.php\/wp-json\/wp\/v2\/types\/page"}],"author":[{"embeddable":true,"href":"https:\/\/vinturcst.com\/index.php\/wp-json\/wp\/v2\/users\/1"}],"replies":[{"embeddable":true,"href":"https:\/\/vinturcst.com\/index.php\/wp-json\/wp\/v2\/comments?post=6782"}],"version-history":[{"count":4,"href":"https:\/\/vinturcst.com\/index.php\/wp-json\/wp\/v2\/pages\/6782\/revisions"}],"predecessor-version":[{"id":7235,"href":"https:\/\/vinturcst.com\/index.php\/wp-json\/wp\/v2\/pages\/6782\/revisions\/7235"}],"wp:attachment":[{"href":"https:\/\/vinturcst.com\/index.php\/wp-json\/wp\/v2\/media?parent=6782"}],"curies":[{"name":"wp","href":"https:\/\/api.w.org\/{rel}","templated":true}]}}