{"id":6823,"date":"2022-10-08T14:40:06","date_gmt":"2022-10-08T14:40:06","guid":{"rendered":"https:\/\/vinturcst.com\/?page_id=6823"},"modified":"2024-02-22T08:24:14","modified_gmt":"2024-02-22T08:24:14","slug":"temporary-residence-card-vietnam","status":"publish","type":"page","link":"https:\/\/vinturcst.com\/index.php\/vi\/temporary-residence-card-vietnam\/","title":{"rendered":"Th\u1ebb t\u1ea1m tr\u00fa"},"content":{"rendered":"<p>[vc_row][vc_column][vc_column_text]<span style=\"color: #000000;\"><strong>TH\u1ee6 T\u1ee4C C\u1ea4P TH\u1eba T\u1ea0M TR\u00da CHO NG\u01af\u1edcI N\u01af\u1edaC NGO\u00c0I<\/strong><\/span><\/p>\n<p><span style=\"color: #000000;\">\u00a0\u00a0\u00a0\u00a0\u00a0\u00a0\u00a0 \u0110\u1ec3 c\u01b0 tr\u00fa t\u1ea1i Vi\u1ec7t Nam theo quy \u0111\u1ecbnh ph\u00e1p lu\u1eadt th\u00ec ng\u01b0\u1eddi n\u01b0\u1edbc ngo\u00e0i ph\u1ea3i c\u00f3 c\u00e1c gi\u1ea5y t\u1edd ch\u1ee9ng nh\u1eadn t\u1ea1m tr\u00fa ho\u1eb7c th\u01b0\u1eddng tr\u00fa do c\u01a1 quan c\u00f3 th\u1ea9m quy\u1ec1n c\u1ee7a Vi\u1ec7t Nam c\u1ea5p. Th\u1ebb t\u1ea1m tr\u00fa l\u00e0 01 trong c\u00e1c lo\u1ea1i gi\u1ea5y t\u1edd do c\u01a1 quan qu\u1ea3n l\u00fd xu\u1ea5t nh\u1eadp c\u1ea3nh ho\u1eb7c c\u01a1 quan c\u00f3 th\u1ea9m quy\u1ec1n c\u1ee7a B\u1ed9 Ngo\u1ea1i giao c\u1ea5p cho ng\u01b0\u1eddi n\u01b0\u1edbc ngo\u00e0i \u0111\u01b0\u1ee3c ph\u00e9p c\u01b0 tr\u00fa c\u00f3 th\u1eddi h\u1ea1n t\u1ea1i Vi\u1ec7t Nam v\u00e0 c\u00f3 gi\u00e1 tr\u1ecb thay th\u1ecb th\u1ef1c. V\u1eady \u0111\u1ec3 th\u1ef1c hi\u1ec7n th\u1ee7 t\u1ee5c xin C\u1ea5p th\u1ebb t\u1ea1m tr\u00fa cho ng\u01b0\u1eddi n\u01b0\u1edbc ngo\u00e0i th\u00ec c\u1ea7n th\u1ef1c hi\u1ec7n chu\u1ea9n b\u1ecb h\u1ed3 s\u01a1, \u0111i\u1ec1u ki\u1ec7n v\u00e0 th\u1ef1c hi\u1ec7n c\u00e1c b\u01b0\u1edbc nh\u01b0 th\u1ebf n\u00e0o? C\u00f4ng ty TNHH VinTur CST xin g\u1eedi t\u1edbi qu\u00fd kh\u00e1ch h\u00e0ng v\u1ec1 th\u1ee7 t\u1ee5c xin C\u1ea5p th\u1ebb t\u1ea1m tr\u00fa cho ng\u01b0\u1eddi n\u01b0\u1edbc ngo\u00e0i. C\u1ee5 th\u1ec3 nh\u01b0 sau:<\/span><\/p>\n<ol>\n<li><span style=\"color: #000000;\"><strong>C\u00e1c tr\u01b0\u1eddng h\u1ee3p \u0111\u01b0\u1ee3c c\u1ea5p th\u1ebb t\u1ea1m tr\u00fa, k\u00fd hi\u1ec7u th\u1ebb t\u1ea1m tr\u00fa theo quy \u0111\u1ecbnh ph\u00e1p lu\u1eadt<\/strong><\/span><\/li>\n<\/ol>\n<p><span style=\"color: #000000;\">&#8211; Ng\u01b0\u1eddi n\u01b0\u1edbc ngo\u00e0i l\u00e0 th\u00e0nh vi\u00ean c\u01a1 quan \u0111\u1ea1i di\u1ec7n ngo\u1ea1i giao, c\u01a1 quan l\u00e3nh s\u1ef1, c\u01a1 quan \u0111\u1ea1i di\u1ec7n t\u1ed5 ch\u1ee9c qu\u1ed1c t\u1ebf thu\u1ed9c Li\u00ean h\u1ee3p qu\u1ed1c, t\u1ed5 ch\u1ee9c li\u00ean ch\u00ednh ph\u1ee7 t\u1ea1i Vi\u1ec7t Nam v\u00e0 v\u1ee3, ch\u1ed3ng, con d\u01b0\u1edbi 18 tu\u1ed5i, ng\u01b0\u1eddi gi\u00fap vi\u1ec7c c\u00f9ng \u0111i theo nhi\u1ec7m k\u1ef3;<\/span><\/p>\n<p><span style=\"color: #000000;\">&#8211; Ng\u01b0\u1eddi n\u01b0\u1edbc ngo\u00e0i nh\u1eadp c\u1ea3nh b\u1eb1ng th\u1ecb th\u1ef1c c\u00f3 k\u00fd hi\u1ec7u LV1, LV2, LS, \u0110T1, \u0110T2, \u0110T3, NN1, NN2, DH, PV1, L\u01101, L\u01102, TT<\/span><\/p>\n<p><span style=\"color: #000000;\">\u00a0\u00a0\u00a0\u00a0\u00a0\u00a0\u00a0 Trong \u0111\u00f3 \u00fd ngh\u0129a c\u1ee7a c\u00e1c k\u00fd hi\u1ec7u th\u1ecb th\u1ef1c \u0111\u01b0\u1ee3c gi\u1ea3i th\u00edch nh\u01b0 sau:<\/span><\/p>\n<p><span style=\"color: #000000;\">&#8211; LV1 \u2013 C\u1ea5p cho ng\u01b0\u1eddi v\u00e0o l\u00e0m vi\u1ec7c v\u1edbi c\u00e1c ban, c\u01a1 quan, \u0111\u01a1n v\u1ecb tr\u1ef1c thu\u1ed9c trung \u01b0\u01a1ng \u0110\u1ea3ng C\u1ed9ng s\u1ea3n Vi\u1ec7t Nam; Qu\u1ed1c h\u1ed9i, Ch\u00ednh ph\u1ee7, \u1ee6y ban Trung \u01b0\u01a1ng M\u1eb7t tr\u1eadn T\u1ed5 qu\u1ed1c Vi\u1ec7t Nam, T\u00f2a \u00e1n nh\u00e2n d\u00e2n t\u1ed1i cao, Vi\u1ec7n ki\u1ec3m s\u00e1t nh\u00e2n d\u00e2n t\u1ed1i cao, Ki\u1ec3m to\u00e1n nh\u00e0 n\u01b0\u1edbc, c\u00e1c b\u1ed9, c\u01a1 quan ngang b\u1ed9, c\u01a1 quan thu\u1ed9c Ch\u00ednh ph\u1ee7; t\u1ec9nh \u1ee7y, th\u00e0nh \u1ee7y, H\u1ed9i \u0111\u1ed3ng nh\u00e2n d\u00e2n, \u1ee6y ban nh\u00e2n d\u00e2n t\u1ec9nh, th\u00e0nh ph\u1ed1 tr\u1ef1c thu\u1ed9c trung \u01b0\u01a1ng;<\/span><\/p>\n<p><span style=\"color: #000000;\">&#8211; LV2 \u2013 C\u1ea5p cho ng\u01b0\u1eddi v\u00e0o l\u00e0m vi\u1ec7c v\u1edbi c\u00e1c t\u1ed5 ch\u1ee9c ch\u00ednh tr\u1ecb \u2013 x\u00e3 h\u1ed9i, t\u1ed5 ch\u1ee9c x\u00e3 h\u1ed9i, Ph\u00f2ng Th\u01b0\u01a1ng m\u1ea1i v\u00e0 C\u00f4ng nghi\u1ec7p Vi\u1ec7t Nam;<\/span><\/p>\n<p><span style=\"color: #000000;\">&#8211; LS \u2013 C\u1ea5p cho lu\u1eadt s\u01b0 n\u01b0\u1edbc ngo\u00e0i h\u00e0nh ngh\u1ec1 t\u1ea1i Vi\u1ec7t Nam;<\/span><\/p>\n<p><span style=\"color: #000000;\">&#8211; \u0110T1 \u2013 C\u1ea5p cho nh\u00e0 \u0111\u1ea7u t\u01b0 n\u01b0\u1edbc ngo\u00e0i t\u1ea1i Vi\u1ec7t Nam v\u00e0 ng\u01b0\u1eddi \u0111\u1ea1i di\u1ec7n cho t\u1ed5 ch\u1ee9c n\u01b0\u1edbc ngo\u00e0i \u0111\u1ea7u t\u01b0 t\u1ea1i Vi\u1ec7t Nam c\u00f3 v\u1ed1n g\u00f3p gi\u00e1 tr\u1ecb t\u1eeb 100 t\u1ef7 \u0111\u1ed3ng tr\u1edf l\u00ean ho\u1eb7c \u0111\u1ea7u t\u01b0 v\u00e0o ng\u00e0nh, ngh\u1ec1 \u01b0u \u0111\u00e3i \u0111\u1ea7u t\u01b0, \u0111\u1ecba b\u00e0n \u01b0u \u0111\u00e3i \u0111\u1ea7u t\u01b0 do Ch\u00ednh ph\u1ee7 quy\u1ebft \u0111\u1ecbnh;<\/span><\/p>\n<p><span style=\"color: #000000;\">&#8211; \u0110T2 \u2013 C\u1ea5p cho nh\u00e0 \u0111\u1ea7u t\u01b0 n\u01b0\u1edbc ngo\u00e0i t\u1ea1i Vi\u1ec7t Nam v\u00e0 ng\u01b0\u1eddi \u0111\u1ea1i di\u1ec7n cho t\u1ed5 ch\u1ee9c n\u01b0\u1edbc ngo\u00e0i \u0111\u1ea7u t\u01b0 t\u1ea1i Vi\u1ec7t Nam c\u00f3 v\u1ed1n g\u00f3p gi\u00e1 tr\u1ecb t\u1eeb 50 t\u1ef7 \u0111\u1ed3ng \u0111\u1ebfn d\u01b0\u1edbi 100 t\u1ef7 \u0111\u1ed3ng ho\u1eb7c \u0111\u1ea7u t\u01b0 v\u00e0o ng\u00e0nh, ngh\u1ec1 khuy\u1ebfn kh\u00edch \u0111\u1ea7u t\u01b0 ph\u00e1t tri\u1ec3n do Ch\u00ednh ph\u1ee7 quy\u1ebft \u0111\u1ecbnh;<\/span><\/p>\n<p><span style=\"color: #000000;\">&#8211; \u0110T3 \u2013 C\u1ea5p cho nh\u00e0 \u0111\u1ea7u t\u01b0 n\u01b0\u1edbc ngo\u00e0i t\u1ea1i Vi\u1ec7t Nam v\u00e0 ng\u01b0\u1eddi \u0111\u1ea1i di\u1ec7n cho t\u1ed5 ch\u1ee9c n\u01b0\u1edbc ngo\u00e0i \u0111\u1ea7u t\u01b0 t\u1ea1i Vi\u1ec7t Nam c\u00f3 v\u1ed1n g\u00f3p gi\u00e1 tr\u1ecb t\u1eeb 03 t\u1ef7 \u0111\u1ed3ng \u0111\u1ebfn d\u01b0\u1edbi 50 t\u1ef7 \u0111\u1ed3ng;<\/span><\/p>\n<p><span style=\"color: #000000;\">&#8211; NN1 \u2013 C\u1ea5p cho ng\u01b0\u1eddi l\u00e0 Tr\u01b0\u1edfng v\u0103n ph\u00f2ng \u0111\u1ea1i di\u1ec7n, d\u1ef1 \u00e1n c\u1ee7a t\u1ed5 ch\u1ee9c qu\u1ed1c t\u1ebf, t\u1ed5 ch\u1ee9c phi ch\u00ednh ph\u1ee7 n\u01b0\u1edbc ngo\u00e0i t\u1ea1i Vi\u1ec7t Nam;<\/span><\/p>\n<p><span style=\"color: #000000;\">&#8211; NN2 \u2013 C\u1ea5p cho ng\u01b0\u1eddi \u0111\u1ee9ng \u0111\u1ea7u v\u0103n ph\u00f2ng \u0111\u1ea1i di\u1ec7n, chi nh\u00e1nh c\u1ee7a th\u01b0\u01a1ng nh\u00e2n n\u01b0\u1edbc ngo\u00e0i, v\u0103n ph\u00f2ng \u0111\u1ea1i di\u1ec7n t\u1ed5 ch\u1ee9c kinh t\u1ebf, v\u0103n h\u00f3a, t\u1ed5 ch\u1ee9c chuy\u00ean m\u00f4n kh\u00e1c c\u1ee7a n\u01b0\u1edbc ngo\u00e0i t\u1ea1i Vi\u1ec7t Nam;<\/span><\/p>\n<p><span style=\"color: #000000;\">&#8211; DH \u2013 C\u1ea5p cho ng\u01b0\u1eddi v\u00e0o th\u1ef1c t\u1eadp, h\u1ecdc t\u1eadp;<\/span><\/p>\n<p><span style=\"color: #000000;\">&#8211; PV1 \u2013 C\u1ea5p cho ph\u00f3ng vi\u00ean, b\u00e1o ch\u00ed th\u01b0\u1eddng tr\u00fa t\u1ea1i Vi\u1ec7t Nam;<\/span><\/p>\n<p><span style=\"color: #000000;\">&#8211; L\u01101 \u2013 C\u1ea5p cho ng\u01b0\u1eddi n\u01b0\u1edbc ngo\u00e0i l\u00e0m vi\u1ec7c t\u1ea1i Vi\u1ec7t Nam c\u00f3 x\u00e1c nh\u1eadn kh\u00f4ng thu\u1ed9c di\u1ec7n c\u1ea5p gi\u1ea5y ph\u00e9p lao \u0111\u1ed9ng, tr\u1eeb tr\u01b0\u1eddng h\u1ee3p \u0111i\u1ec1u \u01b0\u1edbc qu\u1ed1c t\u1ebf m\u00e0 Vi\u1ec7t Nam l\u00e0 th\u00e0nh vi\u00ean c\u00f3 quy \u0111\u1ecbnh kh\u00e1c;<\/span><\/p>\n<p><span style=\"color: #000000;\">&#8211; L\u01102 \u2013 C\u1ea5p cho ng\u01b0\u1eddi n\u01b0\u1edbc ngo\u00e0i l\u00e0m vi\u1ec7c t\u1ea1i Vi\u1ec7t Nam thu\u1ed9c di\u1ec7n ph\u1ea3i c\u00f3 gi\u1ea5y ph\u00e9p lao \u0111\u1ed9ng;<\/span><\/p>\n<p><span style=\"color: #000000;\">&#8211; NG3 \u2013 C\u1ea5p cho th\u00e0nh vi\u00ean c\u01a1 quan \u0111\u1ea1i di\u1ec7n ngo\u1ea1i giao, c\u01a1 quan l\u00e3nh s\u1ef1, c\u01a1 quan \u0111\u1ea1i di\u1ec7n t\u1ed5 ch\u1ee9c qu\u1ed1c t\u1ebf thu\u1ed9c Li\u00ean h\u1ee3p qu\u1ed1c, c\u01a1 quan \u0111\u1ea1i di\u1ec7n t\u1ed5 ch\u1ee9c li\u00ean ch\u00ednh ph\u1ee7 v\u00e0 v\u1ee3, ch\u1ed3ng, con d\u01b0\u1edbi 18 tu\u1ed5i, ng\u01b0\u1eddi gi\u00fap vi\u1ec7c c\u00f9ng \u0111i theo nhi\u1ec7m k\u1ef3;<\/span><\/p>\n<p><span style=\"color: #000000;\">&#8211; TT \u2013 C\u1ea5p cho ng\u01b0\u1eddi n\u01b0\u1edbc ngo\u00e0i l\u00e0 v\u1ee3, ch\u1ed3ng, con d\u01b0\u1edbi 18 tu\u1ed5i c\u1ee7a ng\u01b0\u1eddi n\u01b0\u1edbc ngo\u00e0i \u0111\u01b0\u1ee3c c\u1ea5p th\u1ecb th\u1ef1c k\u00fd hi\u1ec7u LV1, LV2, LS, \u0110T1, \u0110T2, \u0110T3, NN1, NN2, DH, PV1, L\u01101, L\u01102 ho\u1eb7c ng\u01b0\u1eddi n\u01b0\u1edbc ngo\u00e0i l\u00e0 cha, m\u1eb9, v\u1ee3, ch\u1ed3ng, con c\u1ee7a c\u00f4ng d\u00e2n Vi\u1ec7t Nam<\/span><\/p>\n<ol start=\"2\">\n<li><span style=\"color: #000000;\"><strong>Tr\u00ecnh t\u1ef1, th\u1ee7 t\u1ee5c th\u1ef1c hi\u1ec7n C\u1ea5p th\u1ebb t\u1ea1m tr\u00fa cho ng\u01b0\u1eddi n\u01b0\u1edbc ngo\u00e0i<\/strong><\/span><\/li>\n<\/ol>\n<p><span style=\"color: #000000;\"><strong>B\u01b0\u1edbc 1: Chu\u1ea9n b\u1ecb h\u1ed3 s\u01a1 g\u1ed3m: <\/strong><\/span><\/p>\n<ul>\n<li><span style=\"color: #000000;\">C\u00f4ng v\u0103n \u0111\u1ec1 ngh\u1ecb c\u1ea5p th\u1ebb t\u1ea1m tr\u00fa theo m\u1eabu;<\/span><\/li>\n<li><span style=\"color: #000000;\">T\u1edd khai \u0111\u1ec1 ngh\u1ecb c\u1ea5p th\u1ebb t\u1ea1m tr\u00fa cho ng\u01b0\u1eddi n\u01b0\u1edbc ngo\u00e0i theo m\u1eabu;<\/span><\/li>\n<li><span style=\"color: #000000;\">H\u1ed9 chi\u1ebfu c\u00f2n gi\u00e1 tr\u1ecb ph\u00e1p lu\u1eadt;<\/span><\/li>\n<li><span style=\"color: #000000;\">Gi\u1ea5y ph\u00e9p lao \u0111\u1ed9ng n\u01b0\u1edbc ngo\u00e0i \u0111\u00e3 \u0111\u01b0\u1ee3c c\u1ea5p;<\/span><\/li>\n<li><span style=\"color: #000000;\">02 \u1ea3nh 2&#215;3;<\/span><\/li>\n<li><span style=\"color: #000000;\">\u0110\u0103ng k\u00fd t\u1ea1m tr\u00fa;<\/span><\/li>\n<li><span style=\"color: #000000;\">Gi\u1ea5y gi\u1edbi thi\u1ec7u;<\/span><\/li>\n<li><span style=\"color: #000000;\">H\u1ed3 s\u01a1 ph\u00e1p l\u00fd c\u00f4ng ty: Gi\u1ea5y ph\u00e9p \u0111\u0103ng k\u00fd doanh nghi\u1ec7p; C\u00e1c quy\u1ebft \u0111\u1ecbnh ho\u1ea1t \u0111\u1ed9ng tu\u1ef3 v\u00e0o ng\u00e0nh ngh\u1ec1 kinh doanh c\u1ee7a C\u00f4ng ty;<\/span><\/li>\n<\/ul>\n<p><span style=\"color: #000000;\"><strong>B\u01b0\u1edbc 2: <\/strong>N\u1ed9p h\u1ed3 s\u01a1 tr\u1ee9c ti\u1ebfp t\u1ea1i Ph\u00f2ng Qu\u1ea3n l\u00fd xu\u1ea5t nh\u1eadp c\u1ea3nh \u2013 C\u00f4ng an t\u1ec9nh\/ th\u00e0nh ph\u1ed1 tr\u1ef1c thu\u1ed9c trung \u01b0\u01a1ng n\u01a1i ng\u01b0\u1eddi n\u01b0\u1edbc ngo\u00e0i l\u00e0m vi\u1ec7c.<\/span><\/p>\n<p><span style=\"color: #000000;\"><strong>B\u01b0\u1edbc 3<\/strong>: Th\u1eddi gian gi\u1ea3i quy\u1ebft: 5 ng\u00e0y l\u00e0m vi\u1ec7c k\u1ec3 t\u1eeb ng\u00e0y nh\u1eadn h\u1ed3 s\u01a1 h\u1ee3p l\u1ec7.<\/span><\/p>\n<p><span style=\"color: #000000;\">Tr\u00ean \u0111\u00e2y l\u00e0 quy \u0111\u1ecbnh v\u1ec1 tr\u00ecnh t\u1ef1, th\u1ee7 t\u1ee5c th\u1ef1c hi\u1ec7n C\u1ea5p th\u1ebb t\u1ea1m tr\u00fa cho ng\u01b0\u1eddi n\u01b0\u1edbc ngo\u00e0i.<\/span><\/p>\n<p><span style=\"color: #000000;\">C\u00f4ng ty TNHH VinTur CST lu\u00f4n h\u1ed7 tr\u1ee3 kh\u00e1ch h\u00e0ng t\u1ed1i \u0111a, ph\u1ee5c v\u1ee5 c\u00e1c y\u00eau c\u1ea7u Qu\u00fd kh\u00e1ch h\u00e0ng m\u1ed9t c\u00e1ch nhanh ch\u00f3ng v\u00e0 k\u1ecbp th\u1eddi, \u0111em l\u1ea1i s\u1ef1 h\u00e0i l\u00f2ng c\u0169ng nh\u01b0 ni\u1ec1m tin c\u1ee7a Qu\u00fd Kh\u00e1ch h\u00e0ng v\u1edbi C\u00f4ng ty. N\u1ebfu Qu\u00fd Kh\u00e1ch h\u00e0ng c\u00f3 nhu c\u1ea7u mu\u1ed1n bi\u1ebft th\u00eam th\u00f4ng tin chi ti\u1ebft, vui l\u00f2ng li\u00ean h\u1ec7 Hotline 0243.992.3553 \u2013 email: info@vinturcst.com<\/span><\/p>\n<p>&nbsp;[\/vc_column_text][\/vc_column][\/vc_row]<\/p>\n","protected":false},"excerpt":{"rendered":"<p>[vc_row][vc_column][vc_column_text]TH\u1ee6 T\u1ee4C C\u1ea4P TH\u1eba T\u1ea0M TR\u00da CHO NG\u01af\u1edcI N\u01af\u1edaC NGO\u00c0I \u00a0\u00a0\u00a0\u00a0\u00a0\u00a0\u00a0 \u0110\u1ec3 c\u01b0 tr\u00fa t\u1ea1i Vi\u1ec7t Nam theo quy \u0111\u1ecbnh ph\u00e1p lu\u1eadt th\u00ec ng\u01b0\u1eddi n\u01b0\u1edbc ngo\u00e0i ph\u1ea3i c\u00f3 c\u00e1c gi\u1ea5y t\u1edd ch\u1ee9ng nh\u1eadn t\u1ea1m tr\u00fa ho\u1eb7c th\u01b0\u1eddng tr\u00fa do c\u01a1 quan c\u00f3 th\u1ea9m quy\u1ec1n c\u1ee7a Vi\u1ec7t Nam c\u1ea5p. Th\u1ebb t\u1ea1m tr\u00fa l\u00e0 01 trong c\u00e1c [&hellip;]<\/p>\n","protected":false},"author":1,"featured_media":0,"parent":0,"menu_order":0,"comment_status":"closed","ping_status":"closed","template":"","meta":{"om_disable_all_campaigns":false,"_monsterinsights_skip_tracking":false,"_monsterinsights_sitenote_active":false,"_monsterinsights_sitenote_note":"","_monsterinsights_sitenote_category":0,"footnotes":""},"class_list":["post-6823","page","type-page","status-publish","hentry"],"aioseo_notices":[],"_links":{"self":[{"href":"https:\/\/vinturcst.com\/index.php\/wp-json\/wp\/v2\/pages\/6823","targetHints":{"allow":["GET"]}}],"collection":[{"href":"https:\/\/vinturcst.com\/index.php\/wp-json\/wp\/v2\/pages"}],"about":[{"href":"https:\/\/vinturcst.com\/index.php\/wp-json\/wp\/v2\/types\/page"}],"author":[{"embeddable":true,"href":"https:\/\/vinturcst.com\/index.php\/wp-json\/wp\/v2\/users\/1"}],"replies":[{"embeddable":true,"href":"https:\/\/vinturcst.com\/index.php\/wp-json\/wp\/v2\/comments?post=6823"}],"version-history":[{"count":3,"href":"https:\/\/vinturcst.com\/index.php\/wp-json\/wp\/v2\/pages\/6823\/revisions"}],"predecessor-version":[{"id":7237,"href":"https:\/\/vinturcst.com\/index.php\/wp-json\/wp\/v2\/pages\/6823\/revisions\/7237"}],"wp:attachment":[{"href":"https:\/\/vinturcst.com\/index.php\/wp-json\/wp\/v2\/media?parent=6823"}],"curies":[{"name":"wp","href":"https:\/\/api.w.org\/{rel}","templated":true}]}}