{"id":7394,"date":"2025-04-05T16:21:14","date_gmt":"2025-04-05T16:21:14","guid":{"rendered":"https:\/\/vinturcst.com\/?page_id=7394"},"modified":"2025-04-06T04:00:18","modified_gmt":"2025-04-06T04:00:18","slug":"about-vintur-cst","status":"publish","type":"page","link":"https:\/\/vinturcst.com\/index.php\/about-vintur-cst\/","title":{"rendered":"About Vintur cst"},"content":{"rendered":"\t\t<div data-elementor-type=\"wp-page\" data-elementor-id=\"7394\" class=\"elementor elementor-7394\">\n\t\t\t\t\t\t<section class=\"elementor-section elementor-top-section elementor-element elementor-element-657352c elementor-section-boxed elementor-section-height-default elementor-section-height-default\" data-id=\"657352c\" data-element_type=\"section\" data-e-type=\"section\">\n\t\t\t\t\t\t<div class=\"elementor-container elementor-column-gap-default\">\n\t\t\t\t\t<div class=\"elementor-column elementor-col-100 elementor-top-column elementor-element elementor-element-628ac45\" data-id=\"628ac45\" data-element_type=\"column\" data-e-type=\"column\">\n\t\t\t<div class=\"elementor-widget-wrap elementor-element-populated\">\n\t\t\t\t\t\t<div class=\"elementor-element elementor-element-ebde146 elementor-widget elementor-widget-text-editor\" data-id=\"ebde146\" data-element_type=\"widget\" data-e-type=\"widget\" data-widget_type=\"text-editor.default\">\n\t\t\t\t<div class=\"elementor-widget-container\">\n\t\t\t\t\t\t\t\t\t<h5 data-start=\"150\" data-end=\"227\">Your Trusted Partner for Visa, Employment &amp; Education Services in Vietnam<\/h5><p class=\"\" data-start=\"229\" data-end=\"523\">At <strong data-start=\"232\" data-end=\"246\">VinTur CST<\/strong>, we specialize in supporting travelers, expatriates, and educators with reliable immigration and employment solutions in Vietnam. From visa processing to placing English teachers in schools, we provide clear, efficient, and personalized services that help our clients succeed.<\/p><hr class=\"\" data-start=\"525\" data-end=\"528\" \/><h5 data-start=\"530\" data-end=\"547\">What We Do<\/h5><p class=\"\" data-start=\"549\" data-end=\"589\">We offer a range of services, including:<\/p><ol data-start=\"591\" data-end=\"1358\"><li class=\"\" data-start=\"591\" data-end=\"731\"><p class=\"\" data-start=\"593\" data-end=\"731\"><strong data-start=\"593\" data-end=\"618\">Vietnam Visa Services<\/strong><br data-start=\"618\" data-end=\"621\" \/>Tourist Visas, Business Visas, Work Visas, Family Visas, Student Visas, Investor Visas, and Visa Extensions.<\/p><\/li><li class=\"\" data-start=\"733\" data-end=\"882\"><p class=\"\" data-start=\"735\" data-end=\"882\"><strong data-start=\"735\" data-end=\"785\">Work Permits &amp; Temporary Residence Cards (TRC)<\/strong><br data-start=\"785\" data-end=\"788\" \/>End-to-end support for obtaining and renewing legal work and residency documents in Vietnam.<\/p><\/li><li class=\"\" data-start=\"884\" data-end=\"1106\"><p class=\"\" data-start=\"886\" data-end=\"1106\"><strong data-start=\"886\" data-end=\"917\">English Teacher Recruitment<\/strong><br data-start=\"917\" data-end=\"920\" \/>Placement of qualified <strong data-start=\"945\" data-end=\"1004\">English teachers in public schools and language centers<\/strong> across Vietnam. We connect educators with reputable institutions for a rewarding teaching experience.<\/p><\/li><li class=\"\" data-start=\"1108\" data-end=\"1358\"><p class=\"\" data-start=\"1110\" data-end=\"1358\"><strong data-start=\"1110\" data-end=\"1152\">OEC Services for Filipino ESL Teachers<\/strong><br data-start=\"1152\" data-end=\"1155\" \/>Assistance for Filipino teachers in securing their <strong data-start=\"1208\" data-end=\"1249\">Overseas Employment Certificate (OEC)<\/strong>, ensuring they meet all legal requirements for teaching abroad and returning to the Philippines hassle-free.<\/p><\/li><\/ol><h5 data-start=\"1605\" data-end=\"1620\">Our Mission<\/h5><p class=\"\" data-start=\"1385\" data-end=\"1598\">We aim to simplify Vietnam\u2019s immigration and employment processes while supporting international education. Our mission is to help individuals and institutions navigate legal requirements with confidence and ease.<\/p><h5 data-start=\"1605\" data-end=\"1620\">Our Team<\/h5><p class=\"\" data-start=\"1622\" data-end=\"1704\">Our experienced legal professionals and visa consultants are ready to support you:<\/p><ul data-start=\"1706\" data-end=\"1852\"><li class=\"\" data-start=\"1706\" data-end=\"1751\"><p class=\"\" data-start=\"1708\" data-end=\"1751\"><strong data-start=\"1708\" data-end=\"1723\">Do Hai Long<\/strong> \u2013 Legal Executive, Lawyer<\/p><\/li><li class=\"\" data-start=\"1752\" data-end=\"1801\"><p class=\"\" data-start=\"1754\" data-end=\"1801\"><strong data-start=\"1754\" data-end=\"1773\">Nguyen Duc<\/strong> \u2013 Legal Executive, Lawyer<\/p><\/li><\/ul><p class=\"\" data-start=\"1854\" data-end=\"1944\">We bring a strong understanding of Vietnamese laws and a practical approach to every case.<\/p><h5 data-start=\"1951\" data-end=\"1971\">Why Choose Us?<\/h5><ul data-start=\"1973\" data-end=\"2159\"><li class=\"\" data-start=\"1973\" data-end=\"2015\"><p class=\"\" data-start=\"1975\" data-end=\"2015\">\ud83d\ude80 <strong data-start=\"1978\" data-end=\"2013\">Fast, Clear &amp; Reliable Services<\/strong><\/p><\/li><li class=\"\" data-start=\"2016\" data-end=\"2065\"><p class=\"\" data-start=\"2018\" data-end=\"2065\">\ud83d\udc69\u200d\ud83c\udfeb <strong data-start=\"2024\" data-end=\"2063\">Trusted by ESL Teachers and Schools<\/strong><\/p><\/li><li class=\"\" data-start=\"2066\" data-end=\"2115\"><p class=\"\" data-start=\"2068\" data-end=\"2115\">\ud83c\udf10 <strong data-start=\"2071\" data-end=\"2113\">Local Experts, International Standards<\/strong><\/p><\/li><li class=\"\" data-start=\"2116\" data-end=\"2159\"><p class=\"\" data-start=\"2118\" data-end=\"2159\">\ud83d\udcac <strong data-start=\"2121\" data-end=\"2157\">Responsive, Personalized Support<\/strong><\/p><\/li><\/ul><p class=\"\" data-start=\"2161\" data-end=\"2301\">Whether you&#8217;re entering Vietnam, starting a teaching career, or hiring foreign staff, VinTur CST is here to guide you every step of the way.<\/p><h5 data-start=\"2308\" data-end=\"2334\">Let\u2019s Work Together<\/h5><p class=\"\" data-start=\"2336\" data-end=\"2376\">Have a question or ready to get started?<\/p><p class=\"\" data-start=\"2336\" data-end=\"2376\"><strong data-start=\"2381\" data-end=\"2390\">Email<\/strong>: <a rel=\"noopener\" data-start=\"2392\" data-end=\"2410\">info@vinturcst.com<\/a><br data-start=\"2410\" data-end=\"2413\" \/><strong data-start=\"2416\" data-end=\"2425\">Phone<\/strong>: +84 243 992 3553<br data-start=\"2443\" data-end=\"2446\" \/><strong data-start=\"2449\" data-end=\"2460\">Address<\/strong>: Ph\u01b0\u1eddng C\u1ed1ng V\u1ecb, Qu\u1eadn Ba \u0110\u00ecnh, H\u00e0 N\u1ed9i, Vi\u1ec7t Nam<\/p>\t\t\t\t\t\t\t\t<\/div>\n\t\t\t\t<\/div>\n\t\t\t\t\t<\/div>\n\t\t<\/div>\n\t\t\t\t\t<\/div>\n\t\t<\/section>\n\t\t\t\t<section class=\"elementor-section elementor-top-section elementor-element elementor-element-f32908d elementor-section-boxed elementor-section-height-default elementor-section-height-default\" data-id=\"f32908d\" data-element_type=\"section\" data-e-type=\"section\">\n\t\t\t\t\t\t<div class=\"elementor-container elementor-column-gap-default\">\n\t\t\t\t\t<div class=\"elementor-column elementor-col-50 elementor-top-column elementor-element elementor-element-c088140\" data-id=\"c088140\" data-element_type=\"column\" data-e-type=\"column\">\n\t\t\t<div class=\"elementor-widget-wrap elementor-element-populated\">\n\t\t\t\t\t\t<div class=\"elementor-element elementor-element-f87439a elementor-widget elementor-widget-image\" data-id=\"f87439a\" data-element_type=\"widget\" data-e-type=\"widget\" data-widget_type=\"image.default\">\n\t\t\t\t<div class=\"elementor-widget-container\">\n\t\t\t\t\t\t\t\t\t\t\t\t\t\t\t<img fetchpriority=\"high\" decoding=\"async\" width=\"768\" height=\"512\" src=\"https:\/\/vinturcst.com\/wp-content\/uploads\/2025\/04\/ChatGPT-Image-Apr-6-2025-10_58_21-AM-768x512.png\" class=\"attachment-medium_large size-medium_large wp-image-7583\" alt=\"\" srcset=\"https:\/\/vinturcst.com\/wp-content\/uploads\/2025\/04\/ChatGPT-Image-Apr-6-2025-10_58_21-AM-768x512.png 768w, https:\/\/vinturcst.com\/wp-content\/uploads\/2025\/04\/ChatGPT-Image-Apr-6-2025-10_58_21-AM-300x200.png 300w, https:\/\/vinturcst.com\/wp-content\/uploads\/2025\/04\/ChatGPT-Image-Apr-6-2025-10_58_21-AM-1024x683.png 1024w, https:\/\/vinturcst.com\/wp-content\/uploads\/2025\/04\/ChatGPT-Image-Apr-6-2025-10_58_21-AM-600x400.png 600w, https:\/\/vinturcst.com\/wp-content\/uploads\/2025\/04\/ChatGPT-Image-Apr-6-2025-10_58_21-AM.png 1536w\" sizes=\"(max-width: 768px) 100vw, 768px\" \/>\t\t\t\t\t\t\t\t\t\t\t\t\t\t\t<\/div>\n\t\t\t\t<\/div>\n\t\t\t\t\t<\/div>\n\t\t<\/div>\n\t\t\t\t<div class=\"elementor-column elementor-col-50 elementor-top-column elementor-element elementor-element-5f2d8f3\" data-id=\"5f2d8f3\" data-element_type=\"column\" data-e-type=\"column\">\n\t\t\t<div class=\"elementor-widget-wrap\">\n\t\t\t\t\t\t\t<\/div>\n\t\t<\/div>\n\t\t\t\t\t<\/div>\n\t\t<\/section>\n\t\t\t\t<\/div>\n\t\t","protected":false},"excerpt":{"rendered":"<p>Your Trusted Partner for Visa, Employment &amp; Education Services in Vietnam At VinTur CST, we specialize in supporting travelers, expatriates, and educators with reliable immigration and employment solutions in Vietnam. From visa processing to placing English teachers in schools, we provide clear, efficient, and personalized services that help our clients succeed. What We Do We [&hellip;]<\/p>\n","protected":false},"author":1,"featured_media":0,"parent":0,"menu_order":0,"comment_status":"closed","ping_status":"closed","template":"","meta":{"om_disable_all_campaigns":false,"_monsterinsights_skip_tracking":false,"_monsterinsights_sitenote_active":false,"_monsterinsights_sitenote_note":"","_monsterinsights_sitenote_category":0,"footnotes":""},"class_list":["post-7394","page","type-page","status-publish","hentry"],"aioseo_notices":[],"_links":{"self":[{"href":"https:\/\/vinturcst.com\/index.php\/wp-json\/wp\/v2\/pages\/7394","targetHints":{"allow":["GET"]}}],"collection":[{"href":"https:\/\/vinturcst.com\/index.php\/wp-json\/wp\/v2\/pages"}],"about":[{"href":"https:\/\/vinturcst.com\/index.php\/wp-json\/wp\/v2\/types\/page"}],"author":[{"embeddable":true,"href":"https:\/\/vinturcst.com\/index.php\/wp-json\/wp\/v2\/users\/1"}],"replies":[{"embeddable":true,"href":"https:\/\/vinturcst.com\/index.php\/wp-json\/wp\/v2\/comments?post=7394"}],"version-history":[{"count":32,"href":"https:\/\/vinturcst.com\/index.php\/wp-json\/wp\/v2\/pages\/7394\/revisions"}],"predecessor-version":[{"id":7589,"href":"https:\/\/vinturcst.com\/index.php\/wp-json\/wp\/v2\/pages\/7394\/revisions\/7589"}],"wp:attachment":[{"href":"https:\/\/vinturcst.com\/index.php\/wp-json\/wp\/v2\/media?parent=7394"}],"curies":[{"name":"wp","href":"https:\/\/api.w.org\/{rel}","templated":true}]}}