{"id":7411,"date":"2025-04-05T16:41:08","date_gmt":"2025-04-05T16:41:08","guid":{"rendered":"https:\/\/vinturcst.com\/?page_id=7411"},"modified":"2025-04-06T04:14:09","modified_gmt":"2025-04-06T04:14:09","slug":"contact-vintur-cst","status":"publish","type":"page","link":"https:\/\/vinturcst.com\/index.php\/contact-vintur-cst\/","title":{"rendered":"Contact VinTur CST"},"content":{"rendered":"\t\t<div data-elementor-type=\"wp-page\" data-elementor-id=\"7411\" class=\"elementor elementor-7411\">\n\t\t\t\t\t\t<section class=\"elementor-section elementor-top-section elementor-element elementor-element-36212ea elementor-section-boxed elementor-section-height-default elementor-section-height-default\" data-id=\"36212ea\" data-element_type=\"section\" data-e-type=\"section\">\n\t\t\t\t\t\t<div class=\"elementor-container elementor-column-gap-default\">\n\t\t\t\t\t<div class=\"elementor-column elementor-col-100 elementor-top-column elementor-element elementor-element-2969408\" data-id=\"2969408\" data-element_type=\"column\" data-e-type=\"column\">\n\t\t\t<div class=\"elementor-widget-wrap elementor-element-populated\">\n\t\t\t\t\t\t<div class=\"elementor-element elementor-element-cd3c8f8 elementor-widget elementor-widget-text-editor\" data-id=\"cd3c8f8\" data-element_type=\"widget\" data-e-type=\"widget\" data-widget_type=\"text-editor.default\">\n\t\t\t\t<div class=\"elementor-widget-container\">\n\t\t\t\t\t\t\t\t\t<p class=\"\" data-start=\"189\" data-end=\"309\">Have questions or need assistance with your visa or employment needs in Vietnam? Our friendly team is ready to help you!<\/p><p class=\"\" data-start=\"189\" data-end=\"309\"><strong>Adress: <\/strong>Ph\u01b0\u1eddng C\u1ed1ng V\u1ecb, Qu\u1eadn Ba \u0110\u00ecnh, H\u00e0 N\u1ed9i, Vi\u1ec7t Nam<\/p><p class=\"\" data-start=\"418\" data-end=\"440\"><strong>Email:<\/strong> info@vinturcst.com<\/p><p class=\"\" data-start=\"457\" data-end=\"477\"><strong data-start=\"457\" data-end=\"477\">Zalo\/WhatsApp: <\/strong>+84 243 992 3553<\/p><p data-start=\"484\" data-end=\"516\"><strong>Follow Us on Social Media<\/strong><\/p><p class=\"\" data-start=\"518\" data-end=\"629\">Stay updated with the latest visa news, job opportunities, and useful tips about living and working in Vietnam:<\/p><ul data-start=\"631\" data-end=\"787\"><li class=\"\" data-start=\"631\" data-end=\"708\"><p class=\"\" data-start=\"633\" data-end=\"708\"><img decoding=\"async\" class=\"emoji\" role=\"img\" draggable=\"false\" src=\"https:\/\/s.w.org\/images\/core\/emoji\/15.0.3\/svg\/1f44d.svg\" alt=\"\ud83d\udc4d\" \/> <strong data-start=\"636\" data-end=\"648\">Facebook<\/strong>: <a class=\"\" href=\"https:\/\/facebook.com\/vinturcst\" target=\"_new\" rel=\"noopener\" data-start=\"650\" data-end=\"706\">facebook.com\/vinturcst<\/a><\/p><\/li><li class=\"\" data-start=\"709\" data-end=\"787\"><p class=\"\" data-start=\"711\" data-end=\"787\"><img decoding=\"async\" class=\"emoji\" role=\"img\" draggable=\"false\" src=\"https:\/\/s.w.org\/images\/core\/emoji\/15.0.3\/svg\/1f4f8.svg\" alt=\"\ud83d\udcf8\" \/> <strong data-start=\"714\" data-end=\"727\">Instagram<\/strong>: <a class=\"\" href=\"https:\/\/instagram.com\/vinturcst\" target=\"_new\" rel=\"noopener\" data-start=\"729\" data-end=\"787\">instagram.com\/vinturcst<\/a><\/p><\/li><\/ul><p data-start=\"794\" data-end=\"817\"><strong>Business Hours<\/strong><\/p><p data-start=\"794\" data-end=\"817\"><strong data-start=\"818\" data-end=\"839\">Monday \u2013 Saturday<\/strong>: 9:00 AM \u2013 6:00 PM<br data-start=\"858\" data-end=\"861\" \/><strong data-start=\"861\" data-end=\"871\">Sunday<\/strong>: Closed<\/p>\t\t\t\t\t\t\t\t<\/div>\n\t\t\t\t<\/div>\n\t\t\t\t\t<\/div>\n\t\t<\/div>\n\t\t\t\t\t<\/div>\n\t\t<\/section>\n\t\t\t\t<section class=\"elementor-section elementor-top-section elementor-element elementor-element-efc89ab elementor-section-boxed elementor-section-height-default elementor-section-height-default\" data-id=\"efc89ab\" data-element_type=\"section\" data-e-type=\"section\">\n\t\t\t\t\t\t<div class=\"elementor-container elementor-column-gap-default\">\n\t\t\t\t\t<div class=\"elementor-column elementor-col-50 elementor-top-column elementor-element elementor-element-30abf2d\" data-id=\"30abf2d\" data-element_type=\"column\" data-e-type=\"column\">\n\t\t\t<div class=\"elementor-widget-wrap elementor-element-populated\">\n\t\t\t\t\t\t<div class=\"elementor-element elementor-element-814c34a elementor-widget elementor-widget-image\" data-id=\"814c34a\" data-element_type=\"widget\" data-e-type=\"widget\" data-widget_type=\"image.default\">\n\t\t\t\t<div class=\"elementor-widget-container\">\n\t\t\t\t\t\t\t\t\t\t\t\t\t\t\t<img fetchpriority=\"high\" decoding=\"async\" width=\"768\" height=\"512\" src=\"https:\/\/vinturcst.com\/wp-content\/uploads\/2025\/04\/ChatGPT-Image-Apr-6-2025-11_13_25-AM-768x512.png\" class=\"attachment-medium_large size-medium_large wp-image-7595\" alt=\"\" srcset=\"https:\/\/vinturcst.com\/wp-content\/uploads\/2025\/04\/ChatGPT-Image-Apr-6-2025-11_13_25-AM-768x512.png 768w, https:\/\/vinturcst.com\/wp-content\/uploads\/2025\/04\/ChatGPT-Image-Apr-6-2025-11_13_25-AM-300x200.png 300w, https:\/\/vinturcst.com\/wp-content\/uploads\/2025\/04\/ChatGPT-Image-Apr-6-2025-11_13_25-AM-1024x683.png 1024w, https:\/\/vinturcst.com\/wp-content\/uploads\/2025\/04\/ChatGPT-Image-Apr-6-2025-11_13_25-AM-600x400.png 600w, https:\/\/vinturcst.com\/wp-content\/uploads\/2025\/04\/ChatGPT-Image-Apr-6-2025-11_13_25-AM.png 1536w\" sizes=\"(max-width: 768px) 100vw, 768px\" \/>\t\t\t\t\t\t\t\t\t\t\t\t\t\t\t<\/div>\n\t\t\t\t<\/div>\n\t\t\t\t\t<\/div>\n\t\t<\/div>\n\t\t\t\t<div class=\"elementor-column elementor-col-50 elementor-top-column elementor-element elementor-element-85f93d1\" data-id=\"85f93d1\" data-element_type=\"column\" data-e-type=\"column\">\n\t\t\t<div class=\"elementor-widget-wrap\">\n\t\t\t\t\t\t\t<\/div>\n\t\t<\/div>\n\t\t\t\t\t<\/div>\n\t\t<\/section>\n\t\t\t\t<\/div>\n\t\t","protected":false},"excerpt":{"rendered":"<p>Have questions or need assistance with your visa or employment needs in Vietnam? Our friendly team is ready to help you! Adress: Ph\u01b0\u1eddng C\u1ed1ng V\u1ecb, Qu\u1eadn Ba \u0110\u00ecnh, H\u00e0 N\u1ed9i, Vi\u1ec7t Nam Email: info@vinturcst.com Zalo\/WhatsApp: +84 243 992 3553 Follow Us on Social Media Stay updated with the latest visa news, job opportunities, and useful [&hellip;]<\/p>\n","protected":false},"author":1,"featured_media":0,"parent":0,"menu_order":0,"comment_status":"closed","ping_status":"closed","template":"","meta":{"om_disable_all_campaigns":false,"_monsterinsights_skip_tracking":false,"_monsterinsights_sitenote_active":false,"_monsterinsights_sitenote_note":"","_monsterinsights_sitenote_category":0,"footnotes":""},"class_list":["post-7411","page","type-page","status-publish","hentry"],"aioseo_notices":[],"_links":{"self":[{"href":"https:\/\/vinturcst.com\/index.php\/wp-json\/wp\/v2\/pages\/7411","targetHints":{"allow":["GET"]}}],"collection":[{"href":"https:\/\/vinturcst.com\/index.php\/wp-json\/wp\/v2\/pages"}],"about":[{"href":"https:\/\/vinturcst.com\/index.php\/wp-json\/wp\/v2\/types\/page"}],"author":[{"embeddable":true,"href":"https:\/\/vinturcst.com\/index.php\/wp-json\/wp\/v2\/users\/1"}],"replies":[{"embeddable":true,"href":"https:\/\/vinturcst.com\/index.php\/wp-json\/wp\/v2\/comments?post=7411"}],"version-history":[{"count":25,"href":"https:\/\/vinturcst.com\/index.php\/wp-json\/wp\/v2\/pages\/7411\/revisions"}],"predecessor-version":[{"id":7598,"href":"https:\/\/vinturcst.com\/index.php\/wp-json\/wp\/v2\/pages\/7411\/revisions\/7598"}],"wp:attachment":[{"href":"https:\/\/vinturcst.com\/index.php\/wp-json\/wp\/v2\/media?parent=7411"}],"curies":[{"name":"wp","href":"https:\/\/api.w.org\/{rel}","templated":true}]}}